{"id":2545,"date":"2024-12-02T12:28:06","date_gmt":"2024-12-02T12:28:06","guid":{"rendered":"https:\/\/ebanisteriabega.com\/aviso-legal\/"},"modified":"2024-12-02T13:51:55","modified_gmt":"2024-12-02T13:51:55","slug":"aviso-legal","status":"publish","type":"page","link":"https:\/\/ebanisteriabega.com\/ca\/aviso-legal\/","title":{"rendered":"Av\u00eds Legal"},"content":{"rendered":"\t\t<div data-elementor-type=\"wp-page\" data-elementor-id=\"2545\" class=\"elementor elementor-2545 elementor-1753\" data-elementor-post-type=\"page\">\n\t\t\t\t<div class=\"elementor-element elementor-element-6bc7e4c e-con-full e-flex e-con e-parent\" data-id=\"6bc7e4c\" data-element_type=\"container\" data-e-type=\"container\" data-settings=\"{&quot;background_background&quot;:&quot;classic&quot;}\">\n\t\t<div class=\"elementor-element elementor-element-d2596c4 e-con-full e-flex e-con e-child\" data-id=\"d2596c4\" data-element_type=\"container\" data-e-type=\"container\" data-settings=\"{&quot;background_background&quot;:&quot;video&quot;,&quot;background_video_link&quot;:&quot;https:\\\/\\\/ebanisteriabega.com\\\/wp-content\\\/uploads\\\/2024\\\/06\\\/EBANISTERIABEGA.mp4&quot;,&quot;background_play_on_mobile&quot;:&quot;yes&quot;}\">\n\t\t<div class=\"elementor-background-video-container\">\n\t\t\t\t\t\t\t<video class=\"elementor-background-video-hosted\" role=\"presentation\" autoplay muted playsinline loop><\/video>\n\t\t\t\t\t<\/div>\t\t<div class=\"elementor-element elementor-element-c8ddca7 elementor-widget elementor-widget-heading\" data-id=\"c8ddca7\" data-element_type=\"widget\" data-e-type=\"widget\" data-widget_type=\"heading.default\">\n\t\t\t\t<div class=\"elementor-widget-container\">\n\t\t\t\t\t<h2 class=\"elementor-heading-title elementor-size-default\">Av\u00eds legal<\/h2>\t\t\t\t<\/div>\n\t\t\t\t<\/div>\n\t\t\t\t<\/div>\n\t\t<div class=\"elementor-element elementor-element-4973436 e-con-full e-flex e-con e-child\" data-id=\"4973436\" data-element_type=\"container\" data-e-type=\"container\" data-settings=\"{&quot;background_background&quot;:&quot;classic&quot;}\">\n\t\t\t\t<div class=\"elementor-element elementor-element-4f754d5 elementor-widget elementor-widget-text-editor\" data-id=\"4f754d5\" data-element_type=\"widget\" data-e-type=\"widget\" data-widget_type=\"text-editor.default\">\n\t\t\t\t<div class=\"elementor-widget-container\">\n\t\t\t\t\t\t\t\t\t<div style=\"margin-bottom: 40px;\"><h1>\u00a0<\/h1><p>Aquest av\u00eds legal (d&#8217;ara endavant, el \u201cAv\u00eds\u201d) regula l&#8217;\u00fas del portal web ebanisteriabega.com (d&#8217;ara endavant, el \u201cPortal\u201d) que EBANISTERIA BEGA, S.L.U. , (d&#8217;ara endavant, \u201cEBANISTERIA BEGA, S.L.U.\u201d) posa a la disposici\u00f3 dels usuaris d&#8217;Internet. La utilitzaci\u00f3 del Portal, incloent-hi el mer acc\u00e9s, concedeix la condici\u00f3 d&#8217;usuari (d&#8217;ara endavant, el\/els \u201cUsuari\/s\u201d) i suposa l&#8217;acceptaci\u00f3 plena i sense reserves de totes les estipulacions d&#8217;aquest Av\u00eds que es trobin en vigor en el moment de l&#8217;acc\u00e9s. En conseq\u00fc\u00e8ncia, l&#8217;Usuari ha de llegir l&#8217;Av\u00eds cada vegada que utilitzi el Portal. L&#8217;Usuari \u00e9s conscient i accepta volunt\u00e0ria i expressament que l&#8217;\u00fas del Portal es realitza en tot cas sota la seva exclusiva responsabilitat.<\/p><\/div><div style=\"margin-bottom: 40px;\"><h2>1.Informaci\u00f3 legal<\/h2><p>El titular del Portal \u00e9s: EBANISTERIA BEGA, S.L.U. <br \/>Les nostres dades de contacte s\u00f3n els seg\u00fcents: <br \/>Identitat del responsable: Jose Antonio Bezares <br \/>Nom comercial: EBANISTERIA BEGA, S.L.U. <br \/>CIF: B67625459 <br \/>Adre\u00e7a: Passatge Via Trajana A, N\u00ba3, Barcelona <br \/>Tel\u00e8fon: +34 932466900 <br \/>Correu electr\u00f2nic: ebanisteriabega@hotmail.com <\/p><\/div><div style=\"margin-bottom: 40px;\"><h2>2.Condicions d&#8217;\u00fas<\/h2><h3>2.1.Continguts<\/h3><p>L&#8217;acc\u00e9s al Portal \u00e9s de car\u00e0cter gratu\u00eft i l&#8217;Usuari s&#8217;obliga a fer un \u00fas adequat d&#8217;aquest, conforme a les condicions d&#8217;aquest Av\u00eds, a la normativa en vigor que resulti d&#8217;aplicaci\u00f3, la moral i l&#8217;ordre p\u00fablic. Els continguts del Portal tenen un car\u00e0cter merament informatiu.<br \/>La informaci\u00f3 inclosa no constitueix en cap cas una font d&#8217;assessorament ni estableix una relaci\u00f3 professional ni de cap altre tipus entre l&#8217;Usuari i EBANISTERIA BEGA, S.L.U. .<br \/>La seva utilitzaci\u00f3 \u00e9s responsabilitat exclusiva de l&#8217;Usuari, per la qual cosa es desaconsella la presa de decisions a partir de la informaci\u00f3 facilitada sense comptar amb l&#8217;adequat assessorament professional. EBANISTERIA BEGA, S.L.U. es reserva el dret de modificar en qualsevol moment i sense previ av\u00eds el contingut del Portal, el seu Av\u00eds i pol\u00edtica de privacitat o qualsevol altra condici\u00f3 o text que resulti d&#8217;aplicaci\u00f3.<\/p><h3>2.2.Enlla\u00e7os<\/h3><p>Aquells Usuaris que desitgin introduir enlla\u00e7os des d&#8217;altres p\u00e0gines web cap al Portal han de sol\u00b7licitar autoritzaci\u00f3 pr\u00e8via a EBANISTERIA BEGA, S.L.U..<br \/>En qualsevol cas, aquests enlla\u00e7os s&#8217;autoritzaran sota les seg\u00fcents condicions: Han de dirigir-se a la p\u00e0gina principal o home page del Portal sense reproduir-la en cap forma. Es prohibeix la creaci\u00f3 de marcs o frames de qualsevol tipus que permetin que el Portal sigui visualitzat a trav\u00e9s de direccions diferents o de manera que indueixi a error, confusi\u00f3 o engany als usuaris respecte de l&#8217;origen del contingut, impliqui una conducta deslleial, utilitzi o perjudiqui de qualsevol forma la reputaci\u00f3 i imatge del despatx i la seva marca o sigui contrari de qualsevol forma a la normativa vigent, la moral o l&#8217;ordre p\u00fablic Es prohibeix la utilitzaci\u00f3 de qualsevol marca o signe distintiu de EBANISTERIA BEGA, S.L.U. que no compti amb autoritzaci\u00f3 expressa del seu titular. L&#8217;exist\u00e8ncia d&#8217;aquesta mena d&#8217;enlla\u00e7os no implica de cap manera l&#8217;exist\u00e8ncia de relacions entre EBANISTERIA BEGA, S.L.U., el propietari del lloc o de la p\u00e0gina web en la qual s&#8217;estableixi l&#8217;enlla\u00e7 cap al Portal, ni l&#8217;acceptaci\u00f3 o aprovaci\u00f3 dels seus continguts o serveis. Al seu torn, EBANISTERIA BEGA, S.L.U. pot introduir en el Portal enllacis que permeten als Usuaris accedir a p\u00e0gines web de tercers per a facilitar la navegaci\u00f3 i experi\u00e8ncia.<br \/>En aquests casos, EBANISTERIA BEGA, S.L.U. no es responsabilitza del contingut o serveis oferts per aquests ni dels danys que puguin originar-se amb motiu de la seva consulta o utilitzaci\u00f3. En tot cas, EBANISTERIA BEGA, S.L.U. es reserva el dret de prohibir en qualsevol moment l&#8217;\u00fas dels enlla\u00e7os pr\u00e8viament autoritzats, entre altres, en els sup\u00f2sits d&#8217;activitat o continguts il\u00b7l\u00edcits de la p\u00e0gina web en la qual s&#8217;inclou l&#8217;enlla\u00e7.<\/p><\/div><div style=\"margin-bottom: 40px;\"><h2>3.Propietat intel\u00b7lectual<\/h2><p>Tots els continguts del Portal s\u00f3n propietat intel\u00b7lectual\/industrial de EBANISTERIA BEGA, S.L.U. o de tercers que han proporcionat les autoritzacions o llic\u00e8ncies necess\u00e0ries per a la seva utilitzaci\u00f3.<br \/>Entre altres, el nom del domini,les marques, el Portal, el codi font, i la tecnologia associada a aquest, els continguts publicats, incloent-hi els dissenys, textos i imatges.<br \/>L&#8217;Usuari no podr\u00e0 realitzar una reproducci\u00f3, transformaci\u00f3, distribuci\u00f3, comunicaci\u00f3 p\u00fablica, posada a disposici\u00f3,extracci\u00f3 o \u00fas, per qualsevol mitj\u00e0 o procediment, dels citats elements, excepte en els casos en qu\u00e8 estigui legalment perm\u00e8s o sigui autoritzat de manera expressa per EBANISTERIA BEGA, S.L.U.<\/p><\/div><div style=\"margin-bottom: 40px;\"><h2>4.Responsabilitat<\/h2><h3>4.1.Continguts<\/h3><p>EBANISTERIA BEGA, S.L.U. i el seu personal aplicaran els mitjans i esfor\u00e7os raonables a facilitar a trav\u00e9s del Portal informaci\u00f3 actualitzada i fefaent.<br \/>No obstant aix\u00f2, no es fan responsables dels errors o omissions de la informaci\u00f3 o continguts facilitats a trav\u00e9s del Portal ni de l&#8217;aplicaci\u00f3 o \u00fas concret que pogu\u00e9s fer-se d&#8217;aquests. L&#8217;acc\u00e9s al Portal no implica l&#8217;obligaci\u00f3 de EBANISTERIA BEGA, S.L.U. ni del seu personal de comprovar la veracitat, exactitud, idone\u00eftat, adequaci\u00f3, exhaustivitat i actualitat de la informaci\u00f3 i continguts.<br \/>Els continguts del Portal no suposen en cap forma la prestaci\u00f3 de cap servei legal. L&#8217;Usuari \u00e9s l&#8217;\u00fanic responsable enfront de qualsevol reclamaci\u00f3 o acci\u00f3 legal, judicial o extrajudicial, iniciada per tercers contra EBANISTERIA BEGA, S.L.U. que tingui el seu origen en la utilitzaci\u00f3 del Portal per l&#8217;Usuari.<br \/>En el seu cas, l&#8217;Usuari assumir\u00e0 les despeses, costos i indemnitzacions originats a EBANISTERIA BEGA, S.L.U. amb motiu de tals reclamacions o accions legals.<\/p><h3>4.2.Funcionament<\/h3><p>EBANISTERIA BEGA, S.L.U. no es fa responsable per les interfer\u00e8ncies, omissions, interrupcions, virus inform\u00e0tics o altres elements que puguin produir alteracions en els sistemes de l&#8217;Usuari o en els seus documents o fitxers motivats per causes alienes a EBANISTERIA BEGA, S.L.U. o en cas d&#8217;haver adoptat aquest mesures de seguretat raonablement adequades. De la mateixa manera, EBANISTERIA BEGA, S.L.U. no assumeix la responsabilitat derivada de retards o, bloquejos en el funcionament operatiu del Portal causat per defici\u00e8ncies o sobrec\u00e0rrega en les l\u00ednies telef\u00f2niques o en Internet, aix\u00ed com de danys causats per terceres persones mitjan\u00e7ant intromissions ilegitimas. EBANISTERIA BEGA, S.L.U. es reserva el dret de suspendre l&#8217;acc\u00e9s al Portal amb motiu d&#8217;operacions de manteniment, reparaci\u00f3 i\/o millora.<\/p><h3>4.3.Enlla\u00e7os<\/h3><p>EBANISTERIA BEGA, S.L.U. no es fa responsable dels continguts i serveis d&#8217;aquelles p\u00e0gines web que puguin estar enlla\u00e7ades en el Portal m\u00e9s enll\u00e0 de la responsabilitat assignada per la Llei 34\/2002, de 12 de juliol, de Serveis de la Societat de la Informaci\u00f3 i el Comer\u00e7 Electr\u00f2nic, en la mesura en qu\u00e8 pogu\u00e9s tenir coneixement efectiu de la il\u00b7licitud dels continguts i serveis subministrats en el portal web enlla\u00e7at i no desactivi l&#8217;enlla\u00e7 amb la dilig\u00e8ncia deguda. Si desitja posar en el nostre coneixement l&#8217;exist\u00e8ncia d&#8217;un enlla\u00e7 cap a un lloc web amb continguts que considera inadequats o il\u00b7l\u00edcits pot posar-se en contacte amb nosaltres en ebanisteriabega@hotmail.com.<\/p><\/div><div style=\"margin-bottom: 40px;\"><h2>5.Protecci\u00f3 de dades<\/h2><p>Pot accedir a la informaci\u00f3 detallada respecte del tractament de les dades personals que EBANISTERIA BEGA, S.L.U. duu a terme dels Usuaris visitant la nostra Pol\u00edtica de privacitat.<\/p><\/div><div style=\"margin-bottom: 40px;\"><h2>6.Legislaci\u00f3<\/h2><p>El present Av\u00eds Legal es regeix i interpreta, en cas de resultar necessari, per la legislaci\u00f3 comuna espanyola i, tret que s&#8217;estableixi el contrari en la normativa aplicable, qualsevol conflicte se sotmet per les parts als jutges i tribunals de la ciutat de Barcelona.<\/p><\/div>\t\t\t\t\t\t\t\t<\/div>\n\t\t\t\t<\/div>\n\t\t\t\t<\/div>\n\t\t\t\t<\/div>\n\t\t\t\t<\/div>\n\t\t","protected":false},"excerpt":{"rendered":"<p>Av\u00eds legal \u00a0 Aquest av\u00eds legal (d&#8217;ara endavant, el \u201cAv\u00eds\u201d) regula l&#8217;\u00fas del portal web ebanisteriabega.com (d&#8217;ara endavant, el \u201cPortal\u201d) [&hellip;]<\/p>\n","protected":false},"author":1,"featured_media":0,"parent":0,"menu_order":0,"comment_status":"closed","ping_status":"closed","template":"","meta":{"site-sidebar-layout":"no-sidebar","site-content-layout":"","ast-site-content-layout":"full-width-container","site-content-style":"default","site-sidebar-style":"default","ast-global-header-display":"","ast-banner-title-visibility":"","ast-main-header-display":"","ast-hfb-above-header-display":"","ast-hfb-below-header-display":"","ast-hfb-mobile-header-display":"","site-post-title":"disabled","ast-breadcrumbs-content":"","ast-featured-img":"disabled","footer-sml-layout":"","theme-transparent-header-meta":"","adv-header-id-meta":"","stick-header-meta":"","header-above-stick-meta":"","header-main-stick-meta":"","header-below-stick-meta":"","astra-migrate-meta-layouts":"default","ast-page-background-enabled":"default","ast-page-background-meta":{"desktop":{"background-color":"var(--ast-global-color-4)","background-image":"","background-repeat":"repeat","background-position":"center center","background-size":"auto","background-attachment":"scroll","background-type":"","background-media":"","overlay-type":"","overlay-color":"","overlay-opacity":"","overlay-gradient":""},"tablet":{"background-color":"","background-image":"","background-repeat":"repeat","background-position":"center center","background-size":"auto","background-attachment":"scroll","background-type":"","background-media":"","overlay-type":"","overlay-color":"","overlay-opacity":"","overlay-gradient":""},"mobile":{"background-color":"","background-image":"","background-repeat":"repeat","background-position":"center center","background-size":"auto","background-attachment":"scroll","background-type":"","background-media":"","overlay-type":"","overlay-color":"","overlay-opacity":"","overlay-gradient":""}},"ast-content-background-meta":{"desktop":{"background-color":"var(--ast-global-color-5)","background-image":"","background-repeat":"repeat","background-position":"center center","background-size":"auto","background-attachment":"scroll","background-type":"","background-media":"","overlay-type":"","overlay-color":"","overlay-opacity":"","overlay-gradient":""},"tablet":{"background-color":"var(--ast-global-color-5)","background-image":"","background-repeat":"repeat","background-position":"center center","background-size":"auto","background-attachment":"scroll","background-type":"","background-media":"","overlay-type":"","overlay-color":"","overlay-opacity":"","overlay-gradient":""},"mobile":{"background-color":"var(--ast-global-color-5)","background-image":"","background-repeat":"repeat","background-position":"center center","background-size":"auto","background-attachment":"scroll","background-type":"","background-media":"","overlay-type":"","overlay-color":"","overlay-opacity":"","overlay-gradient":""}},"footnotes":""},"class_list":["post-2545","page","type-page","status-publish","hentry"],"yoast_head":"<!-- This site is optimized with the Yoast SEO plugin v27.1.1 - https:\/\/yoast.com\/product\/yoast-seo-wordpress\/ -->\n<title>Av\u00eds Legal - Ebanister\u00eda Bega<\/title>\n<meta name=\"robots\" content=\"index, follow, max-snippet:-1, max-image-preview:large, max-video-preview:-1\" \/>\n<link rel=\"canonical\" href=\"https:\/\/ebanisteriabega.com\/ca\/aviso-legal\/\" \/>\n<meta property=\"og:locale\" content=\"en_US\" \/>\n<meta property=\"og:type\" content=\"article\" \/>\n<meta property=\"og:title\" content=\"Av\u00eds Legal - Ebanister\u00eda Bega\" \/>\n<meta property=\"og:description\" content=\"Av\u00eds legal \u00a0 Aquest av\u00eds legal (d&#8217;ara endavant, el \u201cAv\u00eds\u201d) regula l&#8217;\u00fas del portal web ebanisteriabega.com (d&#8217;ara endavant, el \u201cPortal\u201d) [&hellip;]\" \/>\n<meta property=\"og:url\" content=\"https:\/\/ebanisteriabega.com\/ca\/aviso-legal\/\" \/>\n<meta property=\"og:site_name\" content=\"Ebanister\u00eda Bega\" \/>\n<meta property=\"article:modified_time\" content=\"2024-12-02T13:51:55+00:00\" \/>\n<meta name=\"twitter:card\" content=\"summary_large_image\" \/>\n<meta name=\"twitter:label1\" content=\"Est. reading time\" \/>\n\t<meta name=\"twitter:data1\" content=\"7 minutes\" \/>\n<script type=\"application\/ld+json\" class=\"yoast-schema-graph\">{\"@context\":\"https:\/\/schema.org\",\"@graph\":[{\"@type\":\"WebPage\",\"@id\":\"https:\/\/ebanisteriabega.com\/ca\/aviso-legal\/\",\"url\":\"https:\/\/ebanisteriabega.com\/ca\/aviso-legal\/\",\"name\":\"Av\u00eds Legal - Ebanister\u00eda Bega\",\"isPartOf\":{\"@id\":\"https:\/\/ebanisteriabega.com\/ca\/#website\"},\"datePublished\":\"2024-12-02T12:28:06+00:00\",\"dateModified\":\"2024-12-02T13:51:55+00:00\",\"breadcrumb\":{\"@id\":\"https:\/\/ebanisteriabega.com\/ca\/aviso-legal\/#breadcrumb\"},\"inLanguage\":\"CA\",\"potentialAction\":[{\"@type\":\"ReadAction\",\"target\":[\"https:\/\/ebanisteriabega.com\/ca\/aviso-legal\/\"]}]},{\"@type\":\"BreadcrumbList\",\"@id\":\"https:\/\/ebanisteriabega.com\/ca\/aviso-legal\/#breadcrumb\",\"itemListElement\":[{\"@type\":\"ListItem\",\"position\":1,\"name\":\"Portada\",\"item\":\"https:\/\/ebanisteriabega.com\/ca\/inici\/\"},{\"@type\":\"ListItem\",\"position\":2,\"name\":\"Av\u00eds Legal\"}]},{\"@type\":\"WebSite\",\"@id\":\"https:\/\/ebanisteriabega.com\/ca\/#website\",\"url\":\"https:\/\/ebanisteriabega.com\/ca\/\",\"name\":\"Ebanister\u00eda Bega\",\"description\":\"\",\"potentialAction\":[{\"@type\":\"SearchAction\",\"target\":{\"@type\":\"EntryPoint\",\"urlTemplate\":\"https:\/\/ebanisteriabega.com\/ca\/?s={search_term_string}\"},\"query-input\":{\"@type\":\"PropertyValueSpecification\",\"valueRequired\":true,\"valueName\":\"search_term_string\"}}],\"inLanguage\":\"CA\"}]}<\/script>\n<!-- \/ Yoast SEO plugin. -->","yoast_head_json":{"title":"Av\u00eds Legal - Ebanister\u00eda Bega","robots":{"index":"index","follow":"follow","max-snippet":"max-snippet:-1","max-image-preview":"max-image-preview:large","max-video-preview":"max-video-preview:-1"},"canonical":"https:\/\/ebanisteriabega.com\/ca\/aviso-legal\/","og_locale":"en_US","og_type":"article","og_title":"Av\u00eds Legal - Ebanister\u00eda Bega","og_description":"Av\u00eds legal \u00a0 Aquest av\u00eds legal (d&#8217;ara endavant, el \u201cAv\u00eds\u201d) regula l&#8217;\u00fas del portal web ebanisteriabega.com (d&#8217;ara endavant, el \u201cPortal\u201d) [&hellip;]","og_url":"https:\/\/ebanisteriabega.com\/ca\/aviso-legal\/","og_site_name":"Ebanister\u00eda Bega","article_modified_time":"2024-12-02T13:51:55+00:00","twitter_card":"summary_large_image","twitter_misc":{"Est. reading time":"7 minutes"},"schema":{"@context":"https:\/\/schema.org","@graph":[{"@type":"WebPage","@id":"https:\/\/ebanisteriabega.com\/ca\/aviso-legal\/","url":"https:\/\/ebanisteriabega.com\/ca\/aviso-legal\/","name":"Av\u00eds Legal - Ebanister\u00eda Bega","isPartOf":{"@id":"https:\/\/ebanisteriabega.com\/ca\/#website"},"datePublished":"2024-12-02T12:28:06+00:00","dateModified":"2024-12-02T13:51:55+00:00","breadcrumb":{"@id":"https:\/\/ebanisteriabega.com\/ca\/aviso-legal\/#breadcrumb"},"inLanguage":"CA","potentialAction":[{"@type":"ReadAction","target":["https:\/\/ebanisteriabega.com\/ca\/aviso-legal\/"]}]},{"@type":"BreadcrumbList","@id":"https:\/\/ebanisteriabega.com\/ca\/aviso-legal\/#breadcrumb","itemListElement":[{"@type":"ListItem","position":1,"name":"Portada","item":"https:\/\/ebanisteriabega.com\/ca\/inici\/"},{"@type":"ListItem","position":2,"name":"Av\u00eds Legal"}]},{"@type":"WebSite","@id":"https:\/\/ebanisteriabega.com\/ca\/#website","url":"https:\/\/ebanisteriabega.com\/ca\/","name":"Ebanister\u00eda Bega","description":"","potentialAction":[{"@type":"SearchAction","target":{"@type":"EntryPoint","urlTemplate":"https:\/\/ebanisteriabega.com\/ca\/?s={search_term_string}"},"query-input":{"@type":"PropertyValueSpecification","valueRequired":true,"valueName":"search_term_string"}}],"inLanguage":"CA"}]}},"_links":{"self":[{"href":"https:\/\/ebanisteriabega.com\/ca\/wp-json\/wp\/v2\/pages\/2545","targetHints":{"allow":["GET"]}}],"collection":[{"href":"https:\/\/ebanisteriabega.com\/ca\/wp-json\/wp\/v2\/pages"}],"about":[{"href":"https:\/\/ebanisteriabega.com\/ca\/wp-json\/wp\/v2\/types\/page"}],"author":[{"embeddable":true,"href":"https:\/\/ebanisteriabega.com\/ca\/wp-json\/wp\/v2\/users\/1"}],"replies":[{"embeddable":true,"href":"https:\/\/ebanisteriabega.com\/ca\/wp-json\/wp\/v2\/comments?post=2545"}],"version-history":[{"count":6,"href":"https:\/\/ebanisteriabega.com\/ca\/wp-json\/wp\/v2\/pages\/2545\/revisions"}],"predecessor-version":[{"id":2577,"href":"https:\/\/ebanisteriabega.com\/ca\/wp-json\/wp\/v2\/pages\/2545\/revisions\/2577"}],"wp:attachment":[{"href":"https:\/\/ebanisteriabega.com\/ca\/wp-json\/wp\/v2\/media?parent=2545"}],"curies":[{"name":"wp","href":"https:\/\/api.w.org\/{rel}","templated":true}]}}