{"id":2543,"date":"2024-12-02T12:29:03","date_gmt":"2024-12-02T12:29:03","guid":{"rendered":"https:\/\/ebanisteriabega.com\/accessibilitat\/"},"modified":"2025-01-02T09:32:40","modified_gmt":"2025-01-02T09:32:40","slug":"accessibilitat","status":"publish","type":"page","link":"https:\/\/ebanisteriabega.com\/ca\/accessibilitat\/","title":{"rendered":"Accessibilitat"},"content":{"rendered":"\t\t<div data-elementor-type=\"wp-page\" data-elementor-id=\"2543\" class=\"elementor elementor-2543 elementor-1755\" data-elementor-post-type=\"page\">\n\t\t\t\t<div class=\"elementor-element elementor-element-6bc7e4c e-con-full e-flex e-con e-parent\" data-id=\"6bc7e4c\" data-element_type=\"container\" data-e-type=\"container\" data-settings=\"{&quot;background_background&quot;:&quot;classic&quot;}\">\n\t\t<div class=\"elementor-element elementor-element-d2596c4 e-con-full e-flex e-con e-child\" data-id=\"d2596c4\" data-element_type=\"container\" data-e-type=\"container\" data-settings=\"{&quot;background_background&quot;:&quot;video&quot;,&quot;background_video_link&quot;:&quot;https:\\\/\\\/ebanisteriabega.com\\\/wp-content\\\/uploads\\\/2024\\\/06\\\/EBANISTERIABEGA.mp4&quot;,&quot;background_play_on_mobile&quot;:&quot;yes&quot;}\">\n\t\t<div class=\"elementor-background-video-container\">\n\t\t\t\t\t\t\t<video class=\"elementor-background-video-hosted\" role=\"presentation\" autoplay muted playsinline loop><\/video>\n\t\t\t\t\t<\/div>\t\t<div class=\"elementor-element elementor-element-c8ddca7 elementor-widget elementor-widget-heading\" data-id=\"c8ddca7\" data-element_type=\"widget\" data-e-type=\"widget\" data-widget_type=\"heading.default\">\n\t\t\t\t<div class=\"elementor-widget-container\">\n\t\t\t\t\t<h2 class=\"elementor-heading-title elementor-size-default\">Accessibilitat<\/h2>\t\t\t\t<\/div>\n\t\t\t\t<\/div>\n\t\t\t\t<\/div>\n\t\t<div class=\"elementor-element elementor-element-4973436 e-con-full e-flex e-con e-child\" data-id=\"4973436\" data-element_type=\"container\" data-e-type=\"container\" data-settings=\"{&quot;background_background&quot;:&quot;classic&quot;}\">\n\t\t\t\t<div class=\"elementor-element elementor-element-4f754d5 elementor-widget elementor-widget-text-editor\" data-id=\"4f754d5\" data-element_type=\"widget\" data-e-type=\"widget\" data-widget_type=\"text-editor.default\">\n\t\t\t\t<div class=\"elementor-widget-container\">\n\t\t\t\t\t\t\t\t\t<div style=\"margin-bottom: 40px;\">\n<p><span style=\"font-size: 1.7em; font-weight: bold;\">SITUACI\u00d3 DE COMPLIMENT<\/span><\/p>\n<\/div>\n<div style=\"margin-bottom: 40px;\">\n<p>Aquest lloc web compleix parcialment el RD 1112\/2018 a causa d&#8217;excepcions i incompliments. dels aspectes indicats al punt seg\u00fcent.<\/p>\n<\/div>\n<div style=\"margin-bottom: 40px;\">\n<h2>CONTINGUT NO ACCESSIBLE<\/h2>\n<p>El contingut recopilat a continuaci\u00f3 no \u00e9s accessible per a:<\/p>\n<ul>\n<li>Incompliment del RD 1112\/2018<\/li>\n<li>Podria haver-hi alguns aspectes de contrast que no compleixin el m\u00ednim requerit, 3:1, respecte als colors.<br>adjacent al fons de<\/li>\n<li>la secci\u00f3 del lloc web en q\u00fcesti\u00f3. [9 .1.4.11 Contrast no textual]<\/li>\n<li>\u00c9s possible que hi hagi alguns elements no textuals que no estiguin correctament etiquetats [2 .5.3 Etiqueta num\u00e8rica] i [4 .1.2 Nombre y valor de la funci\u00f3n]<\/li>\n<li>Els motors de cerca busquen autom\u00e0ticament sense necessitat d&#8217;ordenar cap acci\u00f3 a l&#8217;usuari [3 .2.2 En rebre entrades]<\/li>\n<li>Hi podria haver alguns textos en un altre idioma no etiquetats correctament [3 .1.2 Idioma de les parts]<\/li>\n<li>Podrien produir-se errors d&#8217;edici\u00f3 de codi ocasionals en algunes p\u00e0gines web. [4 .1.1 Procesamiento]<\/li>\n<li>C\u00e0rrec desproporcionat \u2013 No aplicable.<\/li>\n<li>El contingut no entra dins l\u00e0mbit daplicaci\u00f3 de la legislaci\u00f3 aplicable.<\/li>\n<\/ul><br>\n\n\n<\/div>\n<div style=\"margin-bottom: 40px;\">\n<h2>PROCEDIMENT DE SOL\u00b7LICITUD<\/h2>\n<p>Si una vegada presentada una sol\u00b7licitud d&#8217;informaci\u00f3 accessible o una den\u00fancia hagu\u00e9s estat desestimada, no va estar d&#8217;acord amb la decisi\u00f3 adoptada, o la resposta no va complir els requisits que preveu l&#8217;article 12.5, l&#8217;interessat pot iniciar una reclamaci\u00f3. <br>Tamb\u00e9 es pot iniciar una reclamaci\u00f3 en cas que hagi transcorregut el termini de vint dies h\u00e0bils sense obtenir resposta. <br>El reclam es pot presentar a trav\u00e9s de la Inst\u00e0ncia Gen\u00e8rica de la Seu Electr\u00f2nica del Ministeri d&#8217;Afers Econ\u00f2mics i Transformaci\u00f3 Digital, aix\u00ed com la resta d&#8217;opcions contingudes a la Llei 39\/2015, d&#8217;1 d&#8217;octubre, de Procediment Administratiu Com\u00fa de les Administracions P\u00fabliques. <br>Les reclamacions seran rebudes i processades per la Direcci\u00f3 General dInspecci\u00f3 de Serveis del Ministeri.<\/p>\n<\/div>\n<div style=\"margin-bottom: 40px;\">\n<h2>CONTINGUT OPCIONAL<\/h2>\n<p>Aquest portal est\u00e0 dissenyat per poder canviar la mida del text i el color, aix\u00ed com el fons de la p\u00e0gina. a trav\u00e9s de les opcions de configuraci\u00f3 est\u00e0ndard del navegador.<br>Si voleu canviar la mida de font del text als principals navegadors gr\u00e0fics, utilitzeu els men\u00fas seg\u00fcents:<\/p>\n<p>Internet Explorer, Mozilla i Firefox: Veure&gt; Grand\u00e0ria del text<br>\u00d2pera: Veure&gt; Zoom<br>Safari: Veure&gt; Engrandir el text<br>Chrome: Controlar la p\u00e0gina actual&gt; Grand\u00e0ria del text<\/p>\n<p>Per canviar la mida de tot el que hi ha a la p\u00e0gina:<\/p>\n<p>Ctrl + + per augmentar-ho<br>Ctrl + &#8211; per disminuir-ho<br>Ctrl + 0 restaura la mida del text original<br>Si voleu anul\u00b7lar el full de style o canviar el color del text, podeu veure la p\u00e0gina Com canviar Mida de Text o Colors del WAI, que es pot llegir tradu\u00eft a l&#8217;espanyol a Com canviar la mida del text o \u00bf Colors?<\/p>\n<\/div>\t\t\t\t\t\t\t\t<\/div>\n\t\t\t\t<\/div>\n\t\t\t\t<\/div>\n\t\t\t\t<\/div>\n\t\t\t\t<\/div>\n\t\t","protected":false},"excerpt":{"rendered":"<p>Accessibilitat SITUACI\u00d3 DE COMPLIMENT Aquest lloc web compleix parcialment el RD 1112\/2018 a causa d&#8217;excepcions i incompliments. dels aspectes indicats [&hellip;]<\/p>\n","protected":false},"author":1,"featured_media":0,"parent":0,"menu_order":0,"comment_status":"closed","ping_status":"closed","template":"","meta":{"site-sidebar-layout":"no-sidebar","site-content-layout":"","ast-site-content-layout":"full-width-container","site-content-style":"default","site-sidebar-style":"default","ast-global-header-display":"","ast-banner-title-visibility":"","ast-main-header-display":"","ast-hfb-above-header-display":"","ast-hfb-below-header-display":"","ast-hfb-mobile-header-display":"","site-post-title":"disabled","ast-breadcrumbs-content":"","ast-featured-img":"disabled","footer-sml-layout":"","theme-transparent-header-meta":"","adv-header-id-meta":"","stick-header-meta":"","header-above-stick-meta":"","header-main-stick-meta":"","header-below-stick-meta":"","astra-migrate-meta-layouts":"default","ast-page-background-enabled":"default","ast-page-background-meta":{"desktop":{"background-color":"var(--ast-global-color-4)","background-image":"","background-repeat":"repeat","background-position":"center center","background-size":"auto","background-attachment":"scroll","background-type":"","background-media":"","overlay-type":"","overlay-color":"","overlay-opacity":"","overlay-gradient":""},"tablet":{"background-color":"","background-image":"","background-repeat":"repeat","background-position":"center center","background-size":"auto","background-attachment":"scroll","background-type":"","background-media":"","overlay-type":"","overlay-color":"","overlay-opacity":"","overlay-gradient":""},"mobile":{"background-color":"","background-image":"","background-repeat":"repeat","background-position":"center center","background-size":"auto","background-attachment":"scroll","background-type":"","background-media":"","overlay-type":"","overlay-color":"","overlay-opacity":"","overlay-gradient":""}},"ast-content-background-meta":{"desktop":{"background-color":"var(--ast-global-color-5)","background-image":"","background-repeat":"repeat","background-position":"center center","background-size":"auto","background-attachment":"scroll","background-type":"","background-media":"","overlay-type":"","overlay-color":"","overlay-opacity":"","overlay-gradient":""},"tablet":{"background-color":"var(--ast-global-color-5)","background-image":"","background-repeat":"repeat","background-position":"center center","background-size":"auto","background-attachment":"scroll","background-type":"","background-media":"","overlay-type":"","overlay-color":"","overlay-opacity":"","overlay-gradient":""},"mobile":{"background-color":"var(--ast-global-color-5)","background-image":"","background-repeat":"repeat","background-position":"center center","background-size":"auto","background-attachment":"scroll","background-type":"","background-media":"","overlay-type":"","overlay-color":"","overlay-opacity":"","overlay-gradient":""}},"footnotes":""},"class_list":["post-2543","page","type-page","status-publish","hentry"],"yoast_head":"<!-- This site is optimized with the Yoast SEO plugin v27.1.1 - https:\/\/yoast.com\/product\/yoast-seo-wordpress\/ -->\n<title>Accessibilitat - Ebanister\u00eda Bega<\/title>\n<meta name=\"robots\" content=\"index, follow, max-snippet:-1, max-image-preview:large, max-video-preview:-1\" \/>\n<link rel=\"canonical\" href=\"https:\/\/ebanisteriabega.com\/ca\/accessibilitat\/\" \/>\n<meta property=\"og:locale\" content=\"en_US\" \/>\n<meta property=\"og:type\" content=\"article\" \/>\n<meta property=\"og:title\" content=\"Accessibilitat - Ebanister\u00eda Bega\" \/>\n<meta property=\"og:description\" content=\"Accessibilitat SITUACI\u00d3 DE COMPLIMENT Aquest lloc web compleix parcialment el RD 1112\/2018 a causa d&#8217;excepcions i incompliments. dels aspectes indicats [&hellip;]\" \/>\n<meta property=\"og:url\" content=\"https:\/\/ebanisteriabega.com\/ca\/accessibilitat\/\" \/>\n<meta property=\"og:site_name\" content=\"Ebanister\u00eda Bega\" \/>\n<meta property=\"article:modified_time\" content=\"2025-01-02T09:32:40+00:00\" \/>\n<meta name=\"twitter:card\" content=\"summary_large_image\" \/>\n<meta name=\"twitter:label1\" content=\"Est. reading time\" \/>\n\t<meta name=\"twitter:data1\" content=\"2 minutes\" \/>\n<script type=\"application\/ld+json\" class=\"yoast-schema-graph\">{\"@context\":\"https:\/\/schema.org\",\"@graph\":[{\"@type\":\"WebPage\",\"@id\":\"https:\/\/ebanisteriabega.com\/ca\/accessibilitat\/\",\"url\":\"https:\/\/ebanisteriabega.com\/ca\/accessibilitat\/\",\"name\":\"Accessibilitat - Ebanister\u00eda Bega\",\"isPartOf\":{\"@id\":\"https:\/\/ebanisteriabega.com\/ca\/#website\"},\"datePublished\":\"2024-12-02T12:29:03+00:00\",\"dateModified\":\"2025-01-02T09:32:40+00:00\",\"breadcrumb\":{\"@id\":\"https:\/\/ebanisteriabega.com\/ca\/accessibilitat\/#breadcrumb\"},\"inLanguage\":\"CA\",\"potentialAction\":[{\"@type\":\"ReadAction\",\"target\":[\"https:\/\/ebanisteriabega.com\/ca\/accessibilitat\/\"]}]},{\"@type\":\"BreadcrumbList\",\"@id\":\"https:\/\/ebanisteriabega.com\/ca\/accessibilitat\/#breadcrumb\",\"itemListElement\":[{\"@type\":\"ListItem\",\"position\":1,\"name\":\"Portada\",\"item\":\"https:\/\/ebanisteriabega.com\/ca\/inici\/\"},{\"@type\":\"ListItem\",\"position\":2,\"name\":\"Accessibilitat\"}]},{\"@type\":\"WebSite\",\"@id\":\"https:\/\/ebanisteriabega.com\/ca\/#website\",\"url\":\"https:\/\/ebanisteriabega.com\/ca\/\",\"name\":\"Ebanister\u00eda Bega\",\"description\":\"\",\"potentialAction\":[{\"@type\":\"SearchAction\",\"target\":{\"@type\":\"EntryPoint\",\"urlTemplate\":\"https:\/\/ebanisteriabega.com\/ca\/?s={search_term_string}\"},\"query-input\":{\"@type\":\"PropertyValueSpecification\",\"valueRequired\":true,\"valueName\":\"search_term_string\"}}],\"inLanguage\":\"CA\"}]}<\/script>\n<!-- \/ Yoast SEO plugin. -->","yoast_head_json":{"title":"Accessibilitat - Ebanister\u00eda Bega","robots":{"index":"index","follow":"follow","max-snippet":"max-snippet:-1","max-image-preview":"max-image-preview:large","max-video-preview":"max-video-preview:-1"},"canonical":"https:\/\/ebanisteriabega.com\/ca\/accessibilitat\/","og_locale":"en_US","og_type":"article","og_title":"Accessibilitat - Ebanister\u00eda Bega","og_description":"Accessibilitat SITUACI\u00d3 DE COMPLIMENT Aquest lloc web compleix parcialment el RD 1112\/2018 a causa d&#8217;excepcions i incompliments. dels aspectes indicats [&hellip;]","og_url":"https:\/\/ebanisteriabega.com\/ca\/accessibilitat\/","og_site_name":"Ebanister\u00eda Bega","article_modified_time":"2025-01-02T09:32:40+00:00","twitter_card":"summary_large_image","twitter_misc":{"Est. reading time":"2 minutes"},"schema":{"@context":"https:\/\/schema.org","@graph":[{"@type":"WebPage","@id":"https:\/\/ebanisteriabega.com\/ca\/accessibilitat\/","url":"https:\/\/ebanisteriabega.com\/ca\/accessibilitat\/","name":"Accessibilitat - Ebanister\u00eda Bega","isPartOf":{"@id":"https:\/\/ebanisteriabega.com\/ca\/#website"},"datePublished":"2024-12-02T12:29:03+00:00","dateModified":"2025-01-02T09:32:40+00:00","breadcrumb":{"@id":"https:\/\/ebanisteriabega.com\/ca\/accessibilitat\/#breadcrumb"},"inLanguage":"CA","potentialAction":[{"@type":"ReadAction","target":["https:\/\/ebanisteriabega.com\/ca\/accessibilitat\/"]}]},{"@type":"BreadcrumbList","@id":"https:\/\/ebanisteriabega.com\/ca\/accessibilitat\/#breadcrumb","itemListElement":[{"@type":"ListItem","position":1,"name":"Portada","item":"https:\/\/ebanisteriabega.com\/ca\/inici\/"},{"@type":"ListItem","position":2,"name":"Accessibilitat"}]},{"@type":"WebSite","@id":"https:\/\/ebanisteriabega.com\/ca\/#website","url":"https:\/\/ebanisteriabega.com\/ca\/","name":"Ebanister\u00eda Bega","description":"","potentialAction":[{"@type":"SearchAction","target":{"@type":"EntryPoint","urlTemplate":"https:\/\/ebanisteriabega.com\/ca\/?s={search_term_string}"},"query-input":{"@type":"PropertyValueSpecification","valueRequired":true,"valueName":"search_term_string"}}],"inLanguage":"CA"}]}},"_links":{"self":[{"href":"https:\/\/ebanisteriabega.com\/ca\/wp-json\/wp\/v2\/pages\/2543","targetHints":{"allow":["GET"]}}],"collection":[{"href":"https:\/\/ebanisteriabega.com\/ca\/wp-json\/wp\/v2\/pages"}],"about":[{"href":"https:\/\/ebanisteriabega.com\/ca\/wp-json\/wp\/v2\/types\/page"}],"author":[{"embeddable":true,"href":"https:\/\/ebanisteriabega.com\/ca\/wp-json\/wp\/v2\/users\/1"}],"replies":[{"embeddable":true,"href":"https:\/\/ebanisteriabega.com\/ca\/wp-json\/wp\/v2\/comments?post=2543"}],"version-history":[{"count":3,"href":"https:\/\/ebanisteriabega.com\/ca\/wp-json\/wp\/v2\/pages\/2543\/revisions"}],"predecessor-version":[{"id":2879,"href":"https:\/\/ebanisteriabega.com\/ca\/wp-json\/wp\/v2\/pages\/2543\/revisions\/2879"}],"wp:attachment":[{"href":"https:\/\/ebanisteriabega.com\/ca\/wp-json\/wp\/v2\/media?parent=2543"}],"curies":[{"name":"wp","href":"https:\/\/api.w.org\/{rel}","templated":true}]}}